{"id":330,"date":"2021-01-11T13:22:10","date_gmt":"2021-01-11T13:22:10","guid":{"rendered":"http:\/\/tambourcorps-effeln.de\/?page_id=330"},"modified":"2021-01-11T13:37:05","modified_gmt":"2021-01-11T13:37:05","slug":"ausbildung","status":"publish","type":"page","link":"http:\/\/tambourcorps-effeln.de\/?page_id=330","title":{"rendered":"Ausbildung"},"content":{"rendered":"\t\t<div data-elementor-type=\"wp-page\" data-elementor-id=\"330\" class=\"elementor elementor-330\">\n\t\t\t\t\t\t<section class=\"elementor-section elementor-top-section elementor-element elementor-element-dffe243 elementor-section-boxed elementor-section-height-default elementor-section-height-default\" data-id=\"dffe243\" data-element_type=\"section\" data-e-type=\"section\">\n\t\t\t\t\t\t<div class=\"elementor-container elementor-column-gap-default\">\n\t\t\t\t\t<div class=\"elementor-column elementor-col-100 elementor-top-column elementor-element elementor-element-216a0df\" data-id=\"216a0df\" data-element_type=\"column\" data-e-type=\"column\">\n\t\t\t<div class=\"elementor-widget-wrap elementor-element-populated\">\n\t\t\t\t\t\t<div class=\"elementor-element elementor-element-2e40792 elementor-widget elementor-widget-text-editor\" data-id=\"2e40792\" data-element_type=\"widget\" data-e-type=\"widget\" data-widget_type=\"text-editor.default\">\n\t\t\t\t<div class=\"elementor-widget-container\">\n\t\t\t\t\t\t\t\t\t<p>Das aktuelle Ausbildungskonzept<\/p>\t\t\t\t\t\t\t\t<\/div>\n\t\t\t\t<\/div>\n\t\t\t\t<div class=\"elementor-element elementor-element-b55bd98 elementor-widget elementor-widget-image\" data-id=\"b55bd98\" data-element_type=\"widget\" data-e-type=\"widget\" data-widget_type=\"image.default\">\n\t\t\t\t<div class=\"elementor-widget-container\">\n\t\t\t\t\t\t\t\t\t\t\t\t\t\t\t<img fetchpriority=\"high\" decoding=\"async\" width=\"960\" height=\"540\" src=\"http:\/\/tambourcorps-effeln.de\/wp-content\/uploads\/2021\/01\/2016_Ausbildungsstart-1024x576.jpg\" class=\"attachment-large size-large wp-image-336\" alt=\"\" srcset=\"http:\/\/tambourcorps-effeln.de\/wp-content\/uploads\/2021\/01\/2016_Ausbildungsstart-1024x576.jpg 1024w, http:\/\/tambourcorps-effeln.de\/wp-content\/uploads\/2021\/01\/2016_Ausbildungsstart-300x169.jpg 300w, http:\/\/tambourcorps-effeln.de\/wp-content\/uploads\/2021\/01\/2016_Ausbildungsstart-768x432.jpg 768w, http:\/\/tambourcorps-effeln.de\/wp-content\/uploads\/2021\/01\/2016_Ausbildungsstart-1536x864.jpg 1536w, http:\/\/tambourcorps-effeln.de\/wp-content\/uploads\/2021\/01\/2016_Ausbildungsstart-2048x1152.jpg 2048w, http:\/\/tambourcorps-effeln.de\/wp-content\/uploads\/2021\/01\/2016_Ausbildungsstart-1140x641.jpg 1140w\" sizes=\"(max-width: 960px) 100vw, 960px\" \/>\t\t\t\t\t\t\t\t\t\t\t\t\t\t\t<\/div>\n\t\t\t\t<\/div>\n\t\t\t\t<div class=\"elementor-element elementor-element-79e65cd elementor-widget elementor-widget-text-editor\" data-id=\"79e65cd\" data-element_type=\"widget\" data-e-type=\"widget\" data-widget_type=\"text-editor.default\">\n\t\t\t\t<div class=\"elementor-widget-container\">\n\t\t\t\t\t\t\t\t\t<p>Nur die permanente Ausbildung neuer Fl\u00f6tenspieler und Trommler gew\u00e4hrleistet einen langfristigen Fortbestand eines Spielmannszuges. Dementsprechend besitzt die Musikerausbildung beim Tambourcorps Effeln einen sehr hohen Stellenwert und wird stetig vorangetrieben. Dem Tambourcorps ist es dar\u00fcber hinaus wichtig, den Kindern und Jugendlichen in der Ortschaft Effeln eine sinnvolle und kreative Freizeitgestaltung zu bieten. Im Gegensatz zu einigen Spielmannsz\u00fcgen aus den Nachbarorten, die fast jedes Jahr neue Musiker aufnehmen, startet im Tambourcorps Effeln etwa alle drei bis vier Jahre eine neue Ausbildungsrunde. Dieses Vorgehen bew\u00e4hrt sich in Effeln seit Jahrzehnten, da die Ausbilder somit nicht durchgehend unterrichten m\u00fcssen. Schlie\u00dflich wird die Ausbildung bei uns bisher immer noch ehrenamtlich durch aktive Musiker des Tambourcorps durchgef\u00fchrt, um dem Nachwuchs ein m\u00f6glichst kosteng\u00fcnstiges Erlernen eines Musikinstruments zu erm\u00f6glichen. Abgesehen von einem kleinen Unkostenbeitrag, der f\u00fcr Unterrichtsmaterial erhoben wird, erfolgt die Ausbildung komplett unentgeltlich. Selbst das Musikinstrument stellt der Verein kostenlos zur Verf\u00fcgung. F\u00fcr die Aufnahme in einen Ausbildungsjahrgang sind keine musikalischen Vorkenntnisse erforderlich. Allerdings sollten die Bereitschaft zur Mitgestaltung des Vereinslebens sowie das Interesse zum Spielen eines Instrumentes beim Nachwuchsmusiker vorhanden sein. Das Mindestalter f\u00fcr die Ausbildung im Tambourcorps Effeln betr\u00e4gt bei der Fl\u00f6te 10 Jahre und bei der Trommel ungef\u00e4hr 14 Jahre.<\/p><p>Vom ersten Ton bis hin zum Spielmannszug<\/p><p>Die Ausbildung beim Tambourcorps Effeln teilt sich grunds\u00e4tzlich in zwei Abschnitte auf, und zwar in die Grundausbildung und dem anschlie\u00dfenden Ein\u00fcben der Musikst\u00fccke.<\/p>\t\t\t\t\t\t\t\t<\/div>\n\t\t\t\t<\/div>\n\t\t\t\t\t<\/div>\n\t\t<\/div>\n\t\t\t\t\t<\/div>\n\t\t<\/section>\n\t\t\t\t<section class=\"elementor-section elementor-top-section elementor-element elementor-element-b13b672 elementor-section-boxed elementor-section-height-default elementor-section-height-default\" data-id=\"b13b672\" data-element_type=\"section\" data-e-type=\"section\">\n\t\t\t\t\t\t<div class=\"elementor-container elementor-column-gap-default\">\n\t\t\t\t\t<div class=\"elementor-column elementor-col-100 elementor-top-column elementor-element elementor-element-44c3674\" data-id=\"44c3674\" data-element_type=\"column\" data-e-type=\"column\">\n\t\t\t<div class=\"elementor-widget-wrap elementor-element-populated\">\n\t\t\t\t\t\t<div class=\"elementor-element elementor-element-ef1b31c elementor-widget elementor-widget-text-editor\" data-id=\"ef1b31c\" data-element_type=\"widget\" data-e-type=\"widget\" data-widget_type=\"text-editor.default\">\n\t\t\t\t<div class=\"elementor-widget-container\">\n\t\t\t\t\t\t\t\t\t<p>Ausbildung Fl\u00f6ten<\/p>\t\t\t\t\t\t\t\t<\/div>\n\t\t\t\t<\/div>\n\t\t\t\t<div class=\"elementor-element elementor-element-e76cb71 elementor-widget elementor-widget-image\" data-id=\"e76cb71\" data-element_type=\"widget\" data-e-type=\"widget\" data-widget_type=\"image.default\">\n\t\t\t\t<div class=\"elementor-widget-container\">\n\t\t\t\t\t\t\t\t\t\t\t\t\t\t\t<img decoding=\"async\" width=\"960\" height=\"720\" src=\"http:\/\/tambourcorps-effeln.de\/wp-content\/uploads\/2021\/01\/2013_06-SF-Effeln-1024x768.jpg\" class=\"attachment-large size-large wp-image-337\" alt=\"\" srcset=\"http:\/\/tambourcorps-effeln.de\/wp-content\/uploads\/2021\/01\/2013_06-SF-Effeln-1024x768.jpg 1024w, http:\/\/tambourcorps-effeln.de\/wp-content\/uploads\/2021\/01\/2013_06-SF-Effeln-300x225.jpg 300w, http:\/\/tambourcorps-effeln.de\/wp-content\/uploads\/2021\/01\/2013_06-SF-Effeln-768x576.jpg 768w, http:\/\/tambourcorps-effeln.de\/wp-content\/uploads\/2021\/01\/2013_06-SF-Effeln-1536x1152.jpg 1536w, http:\/\/tambourcorps-effeln.de\/wp-content\/uploads\/2021\/01\/2013_06-SF-Effeln-2048x1536.jpg 2048w, http:\/\/tambourcorps-effeln.de\/wp-content\/uploads\/2021\/01\/2013_06-SF-Effeln-1140x855.jpg 1140w\" sizes=\"(max-width: 960px) 100vw, 960px\" \/>\t\t\t\t\t\t\t\t\t\t\t\t\t\t\t<\/div>\n\t\t\t\t<\/div>\n\t\t\t\t<div class=\"elementor-element elementor-element-f3726bf elementor-widget elementor-widget-text-editor\" data-id=\"f3726bf\" data-element_type=\"widget\" data-e-type=\"widget\" data-widget_type=\"text-editor.default\">\n\t\t\t\t<div class=\"elementor-widget-container\">\n\t\t\t\t\t\t\t\t\t<p>Die theoretische Grundausbildung beginnt mit der klassischen Notenlehre. Dabei werden neben dem Lesen und Schreiben von Noten und Pausen auch verschiedene Taktarten, Vorzeichen (Kreuz\/Aufl\u00f6sungszeichen) sowie der Aufbau und das Konstruieren von Tonleitern vermittelt.<\/p><p>Abgerundet wird der Theorieteil mit der Geh\u00f6rbildung. Sie umfasst Klatsch\u00fcbungen und einfache, kleine Melodie- und Rhythmusdiktate.<\/p><p>Beim praktischen Teil der Grundausbildung, der parallel abl\u00e4uft, \u00fcben die Nachwuchsmusiker zun\u00e4chst die Haltung des Instruments und die Bildung eines kontrollierten Ansatzes. Damit ist das richtige Anlegen der Fl\u00f6te an die Lippen zur Erzeugung eines sauberen Tons gemeint. Ein wichtiger Bestandteil im weiteren Verlauf der praktischen Grundausbildung sind die sogenannten Dur-Tonleitern. Sie werden intensiv einge\u00fcbt, da sie elementar f\u00fcr die Geh\u00f6rbildung sind und sich als Handwerkszeug f\u00fcr das Spielen einer Querfl\u00f6te verstehen. Am Ende der Grundausbildung werden kurze, bekannte Volks- und Kinderlieder gespielt, um das Zusammenspiel mit unterschiedlichen Stimmen und Musikern zu trainieren.<\/p><p>Nach der Grundausbildung, die knapp ein Jahr dauert, werden die neuen Musiker auf die einzelnen Stimmen des Tambourcorps aufgeteilt. Der Tambourmajor und der Vorstand sprechen dazu im Vorfeld den Bedarf f\u00fcr die einzelnen Registerstimmen ab. Das Einstudieren aller Musikst\u00fccke dauert in der Regel anderthalb bis zwei Jahre. Sobald die neuen Musiker in den einzelnen Stimmen \u00fcben und die ersten M\u00e4rsche spielen k\u00f6nnen, nehmen sie zus\u00e4tzlich an den Gesamtproben des Tambourcorps teil. Das erste Highlight f\u00fcr die neuen Musiker ist sicherlich der allererste Auftritt. Er findet meist sonntags beim Sch\u00fctzenfest in Effeln nach dem Festzug statt. In Begleitung der \u00e4lteren Spielleute des Tambourcorps Effeln sammeln die Nachwuchsmusiker dann vor den zahlreichen Sch\u00fctzen, Eltern und anderen Familienmitgliedern stolz ihre erste B\u00fchnenerfahrung.<\/p>\t\t\t\t\t\t\t\t<\/div>\n\t\t\t\t<\/div>\n\t\t\t\t\t<\/div>\n\t\t<\/div>\n\t\t\t\t\t<\/div>\n\t\t<\/section>\n\t\t\t\t<section class=\"elementor-section elementor-top-section elementor-element elementor-element-a2f8029 elementor-section-boxed elementor-section-height-default elementor-section-height-default\" data-id=\"a2f8029\" data-element_type=\"section\" data-e-type=\"section\">\n\t\t\t\t\t\t<div class=\"elementor-container elementor-column-gap-default\">\n\t\t\t\t\t<div class=\"elementor-column elementor-col-100 elementor-top-column elementor-element elementor-element-dcb04ee\" data-id=\"dcb04ee\" data-element_type=\"column\" data-e-type=\"column\">\n\t\t\t<div class=\"elementor-widget-wrap elementor-element-populated\">\n\t\t\t\t\t\t<div class=\"elementor-element elementor-element-e36a1c1 elementor-widget elementor-widget-text-editor\" data-id=\"e36a1c1\" data-element_type=\"widget\" data-e-type=\"widget\" data-widget_type=\"text-editor.default\">\n\t\t\t\t<div class=\"elementor-widget-container\">\n\t\t\t\t\t\t\t\t\t<p>Ausbildung Trommler<\/p>\t\t\t\t\t\t\t\t<\/div>\n\t\t\t\t<\/div>\n\t\t\t\t<div class=\"elementor-element elementor-element-72a67d5 elementor-widget elementor-widget-text-editor\" data-id=\"72a67d5\" data-element_type=\"widget\" data-e-type=\"widget\" data-widget_type=\"text-editor.default\">\n\t\t\t\t<div class=\"elementor-widget-container\">\n\t\t\t\t\t\t\t\t\t<p>Die theoretische Grundausbildung beginnt mit der klassischen Notenlehre. Dabei werden neben dem Lesen und Schreiben von Noten und Pausen auch verschiedene Taktarten, Vorzeichen (Kreuz\/Aufl\u00f6sungszeichen) sowie der Aufbau und das Konstruieren von Tonleitern vermittelt.<\/p><p>Abgerundet wird der Theorieteil mit der Geh\u00f6rbildung. Sie umfasst Klatsch\u00fcbungen und einfache, kleine Melodie- und Rhythmusdiktate.<\/p><p>Beim praktischen Teil der Grundausbildung, der parallel abl\u00e4uft, \u00fcben die Nachwuchsmusiker zun\u00e4chst die Haltung des Instruments und die Bildung eines kontrollierten Ansatzes. Damit ist das richtige Anlegen der Fl\u00f6te an die Lippen zur Erzeugung eines sauberen Tons gemeint. Ein wichtiger Bestandteil im weiteren Verlauf der praktischen Grundausbildung sind die sogenannten Dur-Tonleitern. Sie werden intensiv einge\u00fcbt, da sie elementar f\u00fcr die Geh\u00f6rbildung sind und sich als Handwerkszeug f\u00fcr das Spielen einer Querfl\u00f6te verstehen. Am Ende der Grundausbildung werden kurze, bekannte Volks- und Kinderlieder gespielt, um das Zusammenspiel mit unterschiedlichen Stimmen und Musikern zu trainieren.<\/p><p>Nach der Grundausbildung, die knapp ein Jahr dauert, werden die neuen Musiker auf die einzelnen Stimmen des Tambourcorps aufgeteilt. Der Tambourmajor und der Vorstand sprechen dazu im Vorfeld den Bedarf f\u00fcr die einzelnen Registerstimmen ab. Das Einstudieren aller Musikst\u00fccke dauert in der Regel anderthalb bis zwei Jahre. Sobald die neuen Musiker in den einzelnen Stimmen \u00fcben und die ersten M\u00e4rsche spielen k\u00f6nnen, nehmen sie zus\u00e4tzlich an den Gesamtproben des Tambourcorps teil. Das erste Highlight f\u00fcr die neuen Musiker ist sicherlich der allererste Auftritt. Er findet meist sonntags beim Sch\u00fctzenfest in Effeln nach dem Festzug statt. In Begleitung der \u00e4lteren Spielleute des Tambourcorps Effeln sammeln die Nachwuchsmusiker dann vor den zahlreichen Sch\u00fctzen, Eltern und anderen Familienmitgliedern stolz ihre erste B\u00fchnenerfahrung.<\/p>\t\t\t\t\t\t\t\t<\/div>\n\t\t\t\t<\/div>\n\t\t\t\t\t<\/div>\n\t\t<\/div>\n\t\t\t\t\t<\/div>\n\t\t<\/section>\n\t\t\t\t<\/div>\n\t\t","protected":false},"excerpt":{"rendered":"<p>Das aktuelle Ausbildungskonzept Nur die permanente Ausbildung neuer Fl\u00f6tenspieler und Trommler gew\u00e4hrleistet einen langfristigen Fortbestand eines Spielmannszuges. Dementsprechend besitzt die Musikerausbildung beim Tambourcorps Effeln einen sehr hohen Stellenwert und wird stetig vorangetrieben. Dem Tambourcorps ist es dar\u00fcber hinaus wichtig, den Kindern und Jugendlichen in der Ortschaft Effeln eine sinnvolle und kreative Freizeitgestaltung zu bieten. Im Gegensatz zu einigen Spielmannsz\u00fcgen aus den Nachbarorten, die fast jedes Jahr neue Musiker aufnehmen, startet im Tambourcorps Effeln etwa alle drei bis vier Jahre eine neue Ausbildungsrunde. Dieses Vorgehen bew\u00e4hrt sich in Effeln seit Jahrzehnten, da die Ausbilder somit nicht durchgehend unterrichten m\u00fcssen. Schlie\u00dflich wird die Ausbildung bei uns bisher immer noch ehrenamtlich durch aktive Musiker des Tambourcorps durchgef\u00fchrt, um dem Nachwuchs ein m\u00f6glichst kosteng\u00fcnstiges Erlernen eines Musikinstruments zu erm\u00f6glichen. Abgesehen von einem kleinen Unkostenbeitrag, der f\u00fcr Unterrichtsmaterial erhoben wird, erfolgt die Ausbildung komplett unentgeltlich. Selbst das Musikinstrument stellt der Verein kostenlos zur Verf\u00fcgung. F\u00fcr die Aufnahme in einen Ausbildungsjahrgang sind keine musikalischen Vorkenntnisse erforderlich. Allerdings sollten die Bereitschaft zur Mitgestaltung des Vereinslebens sowie das Interesse zum Spielen eines Instrumentes beim Nachwuchsmusiker vorhanden sein. Das Mindestalter f\u00fcr die Ausbildung im Tambourcorps Effeln betr\u00e4gt bei der Fl\u00f6te 10 Jahre und bei der Trommel ungef\u00e4hr 14 Jahre. Vom ersten Ton bis hin zum Spielmannszug Die Ausbildung beim Tambourcorps Effeln teilt sich grunds\u00e4tzlich in zwei Abschnitte auf, und zwar in die Grundausbildung und dem anschlie\u00dfenden Ein\u00fcben der Musikst\u00fccke. Ausbildung Fl\u00f6ten Die theoretische Grundausbildung beginnt mit der klassischen Notenlehre. Dabei werden neben dem Lesen und Schreiben von Noten und Pausen auch verschiedene Taktarten, Vorzeichen (Kreuz\/Aufl\u00f6sungszeichen) sowie der Aufbau und das Konstruieren von Tonleitern vermittelt. Abgerundet wird der Theorieteil mit der Geh\u00f6rbildung. Sie umfasst Klatsch\u00fcbungen und einfache, kleine Melodie- und Rhythmusdiktate. Beim praktischen Teil der Grundausbildung, der parallel abl\u00e4uft, \u00fcben die Nachwuchsmusiker zun\u00e4chst die Haltung des Instruments und die Bildung eines kontrollierten Ansatzes. Damit ist das richtige Anlegen der Fl\u00f6te an die Lippen zur Erzeugung eines sauberen Tons gemeint. Ein wichtiger Bestandteil im weiteren Verlauf der praktischen Grundausbildung sind die sogenannten Dur-Tonleitern. Sie werden intensiv einge\u00fcbt, da sie elementar f\u00fcr die Geh\u00f6rbildung sind und sich als Handwerkszeug f\u00fcr das Spielen einer Querfl\u00f6te verstehen. Am Ende der Grundausbildung werden kurze, bekannte Volks- und Kinderlieder gespielt, um das Zusammenspiel mit unterschiedlichen Stimmen und Musikern zu trainieren. Nach der Grundausbildung, die knapp ein Jahr dauert, werden die neuen Musiker auf die einzelnen Stimmen des Tambourcorps aufgeteilt. Der Tambourmajor und der Vorstand sprechen dazu im Vorfeld den Bedarf f\u00fcr die einzelnen Registerstimmen ab. Das Einstudieren aller Musikst\u00fccke dauert in der Regel anderthalb bis zwei Jahre. Sobald die neuen Musiker in den einzelnen Stimmen \u00fcben und die ersten M\u00e4rsche spielen k\u00f6nnen, nehmen sie zus\u00e4tzlich an den Gesamtproben des Tambourcorps teil. Das erste Highlight f\u00fcr die neuen Musiker ist sicherlich der allererste Auftritt. Er findet meist sonntags beim Sch\u00fctzenfest in Effeln nach dem Festzug statt. In Begleitung der \u00e4lteren Spielleute des Tambourcorps Effeln sammeln die Nachwuchsmusiker dann vor den zahlreichen Sch\u00fctzen, Eltern und anderen Familienmitgliedern stolz ihre erste B\u00fchnenerfahrung. Ausbildung Trommler Die theoretische Grundausbildung beginnt mit der klassischen Notenlehre. Dabei werden neben dem Lesen und Schreiben von Noten und Pausen auch verschiedene Taktarten, Vorzeichen (Kreuz\/Aufl\u00f6sungszeichen) sowie der Aufbau und das Konstruieren von Tonleitern vermittelt. Abgerundet wird der Theorieteil mit der Geh\u00f6rbildung. Sie umfasst Klatsch\u00fcbungen und einfache, kleine Melodie- und Rhythmusdiktate. Beim praktischen Teil der Grundausbildung, der parallel abl\u00e4uft, \u00fcben die Nachwuchsmusiker zun\u00e4chst die Haltung des Instruments und die Bildung eines kontrollierten Ansatzes. Damit ist das richtige Anlegen der Fl\u00f6te an die Lippen zur Erzeugung eines sauberen Tons gemeint. Ein wichtiger Bestandteil im weiteren Verlauf der praktischen Grundausbildung sind die sogenannten Dur-Tonleitern. Sie werden intensiv einge\u00fcbt, da sie elementar f\u00fcr die Geh\u00f6rbildung sind und sich als Handwerkszeug f\u00fcr das Spielen einer Querfl\u00f6te verstehen. Am Ende der Grundausbildung werden kurze, bekannte Volks- und Kinderlieder gespielt, um das Zusammenspiel mit unterschiedlichen Stimmen und Musikern zu trainieren. Nach der Grundausbildung, die knapp ein Jahr dauert, werden die neuen Musiker auf die einzelnen Stimmen des Tambourcorps aufgeteilt. Der Tambourmajor und der Vorstand sprechen dazu im Vorfeld den Bedarf f\u00fcr die einzelnen Registerstimmen ab. Das Einstudieren aller Musikst\u00fccke dauert in der Regel anderthalb bis zwei Jahre. Sobald die neuen Musiker in den einzelnen Stimmen \u00fcben und die ersten M\u00e4rsche spielen k\u00f6nnen, nehmen sie zus\u00e4tzlich an den Gesamtproben des Tambourcorps teil. Das erste Highlight f\u00fcr die neuen Musiker ist sicherlich der allererste Auftritt. Er findet meist sonntags beim Sch\u00fctzenfest in Effeln nach dem Festzug statt. In Begleitung der \u00e4lteren Spielleute des Tambourcorps Effeln sammeln die Nachwuchsmusiker dann vor den zahlreichen Sch\u00fctzen, Eltern und anderen Familienmitgliedern stolz ihre erste B\u00fchnenerfahrung.<\/p>\n","protected":false},"author":1,"featured_media":0,"parent":0,"menu_order":0,"comment_status":"closed","ping_status":"closed","template":"elementor_header_footer","meta":{"footnotes":""},"class_list":["post-330","page","type-page","status-publish","hentry"],"_links":{"self":[{"href":"http:\/\/tambourcorps-effeln.de\/index.php?rest_route=\/wp\/v2\/pages\/330","targetHints":{"allow":["GET"]}}],"collection":[{"href":"http:\/\/tambourcorps-effeln.de\/index.php?rest_route=\/wp\/v2\/pages"}],"about":[{"href":"http:\/\/tambourcorps-effeln.de\/index.php?rest_route=\/wp\/v2\/types\/page"}],"author":[{"embeddable":true,"href":"http:\/\/tambourcorps-effeln.de\/index.php?rest_route=\/wp\/v2\/users\/1"}],"replies":[{"embeddable":true,"href":"http:\/\/tambourcorps-effeln.de\/index.php?rest_route=%2Fwp%2Fv2%2Fcomments&post=330"}],"version-history":[{"count":7,"href":"http:\/\/tambourcorps-effeln.de\/index.php?rest_route=\/wp\/v2\/pages\/330\/revisions"}],"predecessor-version":[{"id":340,"href":"http:\/\/tambourcorps-effeln.de\/index.php?rest_route=\/wp\/v2\/pages\/330\/revisions\/340"}],"wp:attachment":[{"href":"http:\/\/tambourcorps-effeln.de\/index.php?rest_route=%2Fwp%2Fv2%2Fmedia&parent=330"}],"curies":[{"name":"wp","href":"https:\/\/api.w.org\/{rel}","templated":true}]}}