{"id":18,"date":"2020-08-30T17:14:29","date_gmt":"2020-08-30T17:14:29","guid":{"rendered":"http:\/\/tambourcorps-effeln.de\/?page_id=18"},"modified":"2020-11-26T11:26:09","modified_gmt":"2020-11-26T11:26:09","slug":"startseite","status":"publish","type":"page","link":"http:\/\/tambourcorps-effeln.de\/","title":{"rendered":"Startseite"},"content":{"rendered":"\t\t<div data-elementor-type=\"wp-page\" data-elementor-id=\"18\" class=\"elementor elementor-18\">\n\t\t\t\t\t\t<section class=\"elementor-section elementor-top-section elementor-element elementor-element-8875119 elementor-section-boxed elementor-section-height-default elementor-section-height-default\" data-id=\"8875119\" data-element_type=\"section\" data-e-type=\"section\">\n\t\t\t\t\t\t<div class=\"elementor-container elementor-column-gap-default\">\n\t\t\t\t\t<div class=\"elementor-column elementor-col-50 elementor-top-column elementor-element elementor-element-ebc33eb\" data-id=\"ebc33eb\" data-element_type=\"column\" data-e-type=\"column\">\n\t\t\t<div class=\"elementor-widget-wrap elementor-element-populated\">\n\t\t\t\t\t\t<div class=\"elementor-element elementor-element-e93891b elementor-widget elementor-widget-image\" data-id=\"e93891b\" data-element_type=\"widget\" data-e-type=\"widget\" data-widget_type=\"image.default\">\n\t\t\t\t<div class=\"elementor-widget-container\">\n\t\t\t\t\t\t\t\t\t\t\t\t\t\t\t<img fetchpriority=\"high\" decoding=\"async\" width=\"745\" height=\"1024\" src=\"http:\/\/tambourcorps-effeln.de\/wp-content\/uploads\/2020\/11\/gruene-745x1024.jpg\" class=\"attachment-large size-large wp-image-166\" alt=\"\" srcset=\"http:\/\/tambourcorps-effeln.de\/wp-content\/uploads\/2020\/11\/gruene-745x1024.jpg 745w, http:\/\/tambourcorps-effeln.de\/wp-content\/uploads\/2020\/11\/gruene-218x300.jpg 218w, http:\/\/tambourcorps-effeln.de\/wp-content\/uploads\/2020\/11\/gruene-768x1055.jpg 768w, http:\/\/tambourcorps-effeln.de\/wp-content\/uploads\/2020\/11\/gruene.jpg 859w\" sizes=\"(max-width: 745px) 100vw, 745px\" \/>\t\t\t\t\t\t\t\t\t\t\t\t\t\t\t<\/div>\n\t\t\t\t<\/div>\n\t\t\t\t\t<\/div>\n\t\t<\/div>\n\t\t\t\t<div class=\"elementor-column elementor-col-50 elementor-top-column elementor-element elementor-element-21326c5\" data-id=\"21326c5\" data-element_type=\"column\" data-e-type=\"column\">\n\t\t\t<div class=\"elementor-widget-wrap elementor-element-populated\">\n\t\t\t\t\t\t<div class=\"elementor-element elementor-element-c07fec7 elementor-widget elementor-widget-text-editor\" data-id=\"c07fec7\" data-element_type=\"widget\" data-e-type=\"widget\" data-widget_type=\"text-editor.default\">\n\t\t\t\t<div class=\"elementor-widget-container\">\n\t\t\t\t\t\t\t\t\t<p>Liebe Musikfreunde,<\/p><p>herzlich Willkommen auf der Homepage des Tambourcorps Effeln.<\/p><p>Unser 100-j\u00e4hriges Bestehen im Jahr 2020 haben wir als Anlass genutzt, um uns digital neu zu pr\u00e4sentieren.<\/p><p>Neben der Geschichte des Tambourcorps, stellen wir unsere Register vor, geben einen Einblick in unser Repertoire sowie unserer Arbeit und den Terminen.<\/p><p>Besonders stolz sind wir darauf, dass wir es immer wieder schaffen die Jugendlichen f\u00fcr die Musik zu begeistern. So k\u00f6nnen wir im Jubil\u00e4umsjahr 65 aktive Mitglieder verzeichnen.<\/p><p>Das ist Klasse und best\u00e4tigt uns als Vorstand unsere Arbeit fortzuf\u00fchren.<\/p><p>Nun w\u00fcnsche ich viel Spa\u00df beim St\u00f6bern und vielleicht sieht man sich demn\u00e4chst bei einem unserer Auftritte.<\/p><p>Mit musikalischen Gr\u00fc\u00dfen<\/p><p>Rainer Gr\u00fcne<br \/>1.Vorsitzender<\/p>\t\t\t\t\t\t\t\t<\/div>\n\t\t\t\t<\/div>\n\t\t\t\t\t<\/div>\n\t\t<\/div>\n\t\t\t\t\t<\/div>\n\t\t<\/section>\n\t\t\t\t<\/div>\n\t\t","protected":false},"excerpt":{"rendered":"<p>Liebe Musikfreunde, herzlich Willkommen auf der Homepage des Tambourcorps Effeln. Unser 100-j\u00e4hriges Bestehen im Jahr 2020 haben wir als Anlass genutzt, um uns digital neu zu pr\u00e4sentieren. Neben der Geschichte des Tambourcorps, stellen wir unsere Register vor, geben einen Einblick in unser Repertoire sowie unserer Arbeit und den Terminen. Besonders stolz sind wir darauf, dass wir es immer wieder schaffen die Jugendlichen f\u00fcr die Musik zu begeistern. So k\u00f6nnen wir im Jubil\u00e4umsjahr 65 aktive Mitglieder verzeichnen. Das ist Klasse und best\u00e4tigt uns als Vorstand unsere Arbeit fortzuf\u00fchren. Nun w\u00fcnsche ich viel Spa\u00df beim St\u00f6bern und vielleicht sieht man sich demn\u00e4chst bei einem unserer Auftritte. Mit musikalischen Gr\u00fc\u00dfen Rainer Gr\u00fcne1.Vorsitzender<\/p>\n","protected":false},"author":1,"featured_media":0,"parent":0,"menu_order":0,"comment_status":"closed","ping_status":"closed","template":"elementor_header_footer","meta":{"footnotes":""},"class_list":["post-18","page","type-page","status-publish","hentry"],"_links":{"self":[{"href":"http:\/\/tambourcorps-effeln.de\/index.php?rest_route=\/wp\/v2\/pages\/18","targetHints":{"allow":["GET"]}}],"collection":[{"href":"http:\/\/tambourcorps-effeln.de\/index.php?rest_route=\/wp\/v2\/pages"}],"about":[{"href":"http:\/\/tambourcorps-effeln.de\/index.php?rest_route=\/wp\/v2\/types\/page"}],"author":[{"embeddable":true,"href":"http:\/\/tambourcorps-effeln.de\/index.php?rest_route=\/wp\/v2\/users\/1"}],"replies":[{"embeddable":true,"href":"http:\/\/tambourcorps-effeln.de\/index.php?rest_route=%2Fwp%2Fv2%2Fcomments&post=18"}],"version-history":[{"count":26,"href":"http:\/\/tambourcorps-effeln.de\/index.php?rest_route=\/wp\/v2\/pages\/18\/revisions"}],"predecessor-version":[{"id":187,"href":"http:\/\/tambourcorps-effeln.de\/index.php?rest_route=\/wp\/v2\/pages\/18\/revisions\/187"}],"wp:attachment":[{"href":"http:\/\/tambourcorps-effeln.de\/index.php?rest_route=%2Fwp%2Fv2%2Fmedia&parent=18"}],"curies":[{"name":"wp","href":"https:\/\/api.w.org\/{rel}","templated":true}]}}